{"id":38,"date":"2023-12-09T14:20:09","date_gmt":"2023-12-09T17:20:09","guid":{"rendered":"https:\/\/genscentroterapeutico.com\/?page_id=38"},"modified":"2025-07-17T19:01:20","modified_gmt":"2025-07-17T22:01:20","slug":"home-2","status":"publish","type":"page","link":"https:\/\/genscentroterapeutico.com\/index.php\/home-2\/","title":{"rendered":"Nosotros"},"content":{"rendered":"\t\t<div data-elementor-type=\"wp-page\" data-elementor-id=\"38\" class=\"elementor elementor-38\" data-elementor-post-type=\"page\">\n\t\t\t\t<div class=\"elementor-element elementor-element-e2c2865 e-flex e-con-boxed e-con e-parent\" data-id=\"e2c2865\" data-element_type=\"container\" data-settings=\"{&quot;background_background&quot;:&quot;classic&quot;}\">\n\t\t\t\t\t<div class=\"e-con-inner\">\n\t\t\t\t<div class=\"elementor-element elementor-element-f53c2c3 elementor-widget elementor-widget-heading\" data-id=\"f53c2c3\" data-element_type=\"widget\" data-widget_type=\"heading.default\">\n\t\t\t\t<div class=\"elementor-widget-container\">\n\t\t\t\t\t<h1 class=\"elementor-heading-title elementor-size-default\">Nosotros<\/h1>\t\t\t\t<\/div>\n\t\t\t\t<\/div>\n\t\t\t\t\t<\/div>\n\t\t\t\t<\/div>\n\t\t<div class=\"elementor-element elementor-element-63315e2 e-flex e-con-boxed e-con e-parent\" data-id=\"63315e2\" data-element_type=\"container\" data-settings=\"{&quot;background_background&quot;:&quot;classic&quot;}\">\n\t\t\t\t\t<div class=\"e-con-inner\">\n\t\t\t\t<div class=\"elementor-element elementor-element-5d8a9af elementor-widget elementor-widget-heading\" data-id=\"5d8a9af\" data-element_type=\"widget\" data-widget_type=\"heading.default\">\n\t\t\t\t<div class=\"elementor-widget-container\">\n\t\t\t\t\t<h2 class=\"elementor-heading-title elementor-size-default\">Visi\u00f3n<\/h2>\t\t\t\t<\/div>\n\t\t\t\t<\/div>\n\t\t\t\t<div class=\"elementor-element elementor-element-314a27e elementor-widget elementor-widget-text-editor\" data-id=\"314a27e\" data-element_type=\"widget\" data-widget_type=\"text-editor.default\">\n\t\t\t\t<div class=\"elementor-widget-container\">\n\t\t\t\t\t\t\t\t\t<p>Proporcionamos un espacio de trabajo cuyo objetivo es acompa\u00f1ar la evoluci\u00f3n cl\u00ednica especifica de cada sujeto y su contexto socio-familiar; promoviendo la construcci\u00f3n de herramientas y estrategia que permitan el crecimiento y desarrollo personal pleno.<\/p>\t\t\t\t\t\t\t\t<\/div>\n\t\t\t\t<\/div>\n\t\t\t\t\t<\/div>\n\t\t\t\t<\/div>\n\t\t<div class=\"elementor-element elementor-element-9f23a09 e-flex e-con-boxed e-con e-parent\" data-id=\"9f23a09\" data-element_type=\"container\">\n\t\t\t\t\t<div class=\"e-con-inner\">\n\t\t\t\t<div class=\"elementor-element elementor-element-ceefd3f elementor-widget elementor-widget-heading\" data-id=\"ceefd3f\" data-element_type=\"widget\" data-widget_type=\"heading.default\">\n\t\t\t\t<div class=\"elementor-widget-container\">\n\t\t\t\t\t<h3 class=\"elementor-heading-title elementor-size-default\">Valores de la instituci\u00f3n<\/h3>\t\t\t\t<\/div>\n\t\t\t\t<\/div>\n\t\t\t\t\t<\/div>\n\t\t\t\t<\/div>\n\t\t<div class=\"elementor-element elementor-element-e237fe5 e-flex e-con-boxed e-con e-parent\" data-id=\"e237fe5\" data-element_type=\"container\">\n\t\t\t\t\t<div class=\"e-con-inner\">\n\t\t<div class=\"elementor-element elementor-element-02c5315 e-con-full e-flex e-con e-child\" data-id=\"02c5315\" data-element_type=\"container\">\n\t\t\t\t<div class=\"elementor-element elementor-element-ea6b8d5 elementor-position-top elementor-widget elementor-widget-image-box\" data-id=\"ea6b8d5\" data-element_type=\"widget\" data-widget_type=\"image-box.default\">\n\t\t\t\t<div class=\"elementor-widget-container\">\n\t\t\t\t\t<div class=\"elementor-image-box-wrapper\"><figure class=\"elementor-image-box-img\"><img fetchpriority=\"high\" decoding=\"async\" width=\"340\" height=\"340\" src=\"https:\/\/genscentroterapeutico.com\/wp-content\/uploads\/2023\/12\/Elementos-04.png\" class=\"attachment-full size-full wp-image-40\" alt=\"\" srcset=\"https:\/\/genscentroterapeutico.com\/wp-content\/uploads\/2023\/12\/Elementos-04.png 340w, https:\/\/genscentroterapeutico.com\/wp-content\/uploads\/2023\/12\/Elementos-04-300x300.png 300w, https:\/\/genscentroterapeutico.com\/wp-content\/uploads\/2023\/12\/Elementos-04-150x150.png 150w\" sizes=\"(max-width: 340px) 100vw, 340px\" \/><\/figure><div class=\"elementor-image-box-content\"><h3 class=\"elementor-image-box-title\">\u00c9tica y  <br> respeto<\/h3><\/div><\/div>\t\t\t\t<\/div>\n\t\t\t\t<\/div>\n\t\t\t\t<\/div>\n\t\t\t\t<div class=\"elementor-element elementor-element-92f3879 elementor-widget elementor-widget-spacer\" data-id=\"92f3879\" data-element_type=\"widget\" data-widget_type=\"spacer.default\">\n\t\t\t\t<div class=\"elementor-widget-container\">\n\t\t\t\t\t\t\t<div class=\"elementor-spacer\">\n\t\t\t<div class=\"elementor-spacer-inner\"><\/div>\n\t\t<\/div>\n\t\t\t\t\t\t<\/div>\n\t\t\t\t<\/div>\n\t\t<div class=\"elementor-element elementor-element-5160be0 e-con-full e-flex e-con e-child\" data-id=\"5160be0\" data-element_type=\"container\">\n\t\t\t\t<div class=\"elementor-element elementor-element-719e0ae elementor-position-top elementor-widget elementor-widget-image-box\" data-id=\"719e0ae\" data-element_type=\"widget\" data-widget_type=\"image-box.default\">\n\t\t\t\t<div class=\"elementor-widget-container\">\n\t\t\t\t\t<div class=\"elementor-image-box-wrapper\"><figure class=\"elementor-image-box-img\"><img decoding=\"async\" width=\"340\" height=\"340\" src=\"https:\/\/genscentroterapeutico.com\/wp-content\/uploads\/2023\/12\/Elementos-05.png\" class=\"attachment-full size-full wp-image-42\" alt=\"\" srcset=\"https:\/\/genscentroterapeutico.com\/wp-content\/uploads\/2023\/12\/Elementos-05.png 340w, https:\/\/genscentroterapeutico.com\/wp-content\/uploads\/2023\/12\/Elementos-05-300x300.png 300w, https:\/\/genscentroterapeutico.com\/wp-content\/uploads\/2023\/12\/Elementos-05-150x150.png 150w\" sizes=\"(max-width: 340px) 100vw, 340px\" \/><\/figure><div class=\"elementor-image-box-content\"><h3 class=\"elementor-image-box-title\">Compromiso  profesional<\/h3><\/div><\/div>\t\t\t\t<\/div>\n\t\t\t\t<\/div>\n\t\t\t\t<\/div>\n\t\t\t\t<div class=\"elementor-element elementor-element-1a189e1 elementor-widget elementor-widget-spacer\" data-id=\"1a189e1\" data-element_type=\"widget\" data-widget_type=\"spacer.default\">\n\t\t\t\t<div class=\"elementor-widget-container\">\n\t\t\t\t\t\t\t<div class=\"elementor-spacer\">\n\t\t\t<div class=\"elementor-spacer-inner\"><\/div>\n\t\t<\/div>\n\t\t\t\t\t\t<\/div>\n\t\t\t\t<\/div>\n\t\t<div class=\"elementor-element elementor-element-0445a32 e-con-full e-flex e-con e-child\" data-id=\"0445a32\" data-element_type=\"container\">\n\t\t\t\t<div class=\"elementor-element elementor-element-d6687ae elementor-position-top elementor-widget elementor-widget-image-box\" data-id=\"d6687ae\" data-element_type=\"widget\" data-widget_type=\"image-box.default\">\n\t\t\t\t<div class=\"elementor-widget-container\">\n\t\t\t\t\t<div class=\"elementor-image-box-wrapper\"><figure class=\"elementor-image-box-img\"><img decoding=\"async\" width=\"340\" height=\"340\" src=\"https:\/\/genscentroterapeutico.com\/wp-content\/uploads\/2023\/12\/Elementos-06.png\" class=\"attachment-full size-full wp-image-41\" alt=\"\" srcset=\"https:\/\/genscentroterapeutico.com\/wp-content\/uploads\/2023\/12\/Elementos-06.png 340w, https:\/\/genscentroterapeutico.com\/wp-content\/uploads\/2023\/12\/Elementos-06-300x300.png 300w, https:\/\/genscentroterapeutico.com\/wp-content\/uploads\/2023\/12\/Elementos-06-150x150.png 150w\" sizes=\"(max-width: 340px) 100vw, 340px\" \/><\/figure><div class=\"elementor-image-box-content\"><h3 class=\"elementor-image-box-title\">Comprensi\u00f3n y empat\u00eda<\/h3><\/div><\/div>\t\t\t\t<\/div>\n\t\t\t\t<\/div>\n\t\t\t\t<\/div>\n\t\t\t\t\t<\/div>\n\t\t\t\t<\/div>\n\t\t<div class=\"elementor-element elementor-element-a63f27d e-flex e-con-boxed e-con e-parent\" data-id=\"a63f27d\" data-element_type=\"container\">\n\t\t\t\t\t<div class=\"e-con-inner\">\n\t\t\t\t<div class=\"elementor-element elementor-element-2f2bd81 elementor-widget elementor-widget-spacer\" data-id=\"2f2bd81\" data-element_type=\"widget\" data-widget_type=\"spacer.default\">\n\t\t\t\t<div class=\"elementor-widget-container\">\n\t\t\t\t\t\t\t<div class=\"elementor-spacer\">\n\t\t\t<div class=\"elementor-spacer-inner\"><\/div>\n\t\t<\/div>\n\t\t\t\t\t\t<\/div>\n\t\t\t\t<\/div>\n\t\t\t\t\t<\/div>\n\t\t\t\t<\/div>\n\t\t<div class=\"elementor-element elementor-element-f85f5ed e-flex e-con-boxed e-con e-parent\" data-id=\"f85f5ed\" data-element_type=\"container\" data-settings=\"{&quot;background_background&quot;:&quot;classic&quot;}\">\n\t\t\t\t\t<div class=\"e-con-inner\">\n\t\t\t\t<div class=\"elementor-element elementor-element-f366811 elementor-widget elementor-widget-heading\" data-id=\"f366811\" data-element_type=\"widget\" data-widget_type=\"heading.default\">\n\t\t\t\t<div class=\"elementor-widget-container\">\n\t\t\t\t\t<h5 class=\"elementor-heading-title elementor-size-default\">Equipo Directivo<\/h5>\t\t\t\t<\/div>\n\t\t\t\t<\/div>\n\t\t\t\t\t<\/div>\n\t\t\t\t<\/div>\n\t\t<div class=\"elementor-element elementor-element-509ef19 e-flex e-con-boxed e-con e-parent\" data-id=\"509ef19\" data-element_type=\"container\" data-settings=\"{&quot;background_background&quot;:&quot;classic&quot;}\">\n\t\t\t\t\t<div class=\"e-con-inner\">\n\t\t<div class=\"elementor-element elementor-element-348e6d8 e-con-full e-flex e-con e-child\" data-id=\"348e6d8\" data-element_type=\"container\">\n\t\t\t\t<div class=\"elementor-element elementor-element-5b6d999 elementor-widget elementor-widget-image\" data-id=\"5b6d999\" data-element_type=\"widget\" data-widget_type=\"image.default\">\n\t\t\t\t<div class=\"elementor-widget-container\">\n\t\t\t\t\t\t\t\t\t\t\t\t\t\t\t<img loading=\"lazy\" decoding=\"async\" width=\"633\" height=\"683\" src=\"https:\/\/genscentroterapeutico.com\/wp-content\/uploads\/2023\/12\/Recurso-2.png\" class=\"attachment-large size-large wp-image-43\" alt=\"\" srcset=\"https:\/\/genscentroterapeutico.com\/wp-content\/uploads\/2023\/12\/Recurso-2.png 633w, https:\/\/genscentroterapeutico.com\/wp-content\/uploads\/2023\/12\/Recurso-2-278x300.png 278w\" sizes=\"(max-width: 633px) 100vw, 633px\" \/>\t\t\t\t\t\t\t\t\t\t\t\t\t\t\t<\/div>\n\t\t\t\t<\/div>\n\t\t\t\t<\/div>\n\t\t<div class=\"elementor-element elementor-element-b0c128e e-con-full e-flex e-con e-child\" data-id=\"b0c128e\" data-element_type=\"container\">\n\t\t\t\t<div class=\"elementor-element elementor-element-c386b12 elementor-widget elementor-widget-text-editor\" data-id=\"c386b12\" data-element_type=\"widget\" data-widget_type=\"text-editor.default\">\n\t\t\t\t<div class=\"elementor-widget-container\">\n\t\t\t\t\t\t\t\t\t<p><strong><em>Licenciado Alfonso de Nicola:<\/em> <\/strong>Director terap\u00e9utico y fundador de Gens. Egresado de la Universidad John Fitzgerald Kennedy en 1988. Especialista en consumos problem\u00e1ticos\u00a0con una destacada trayectoria y reconocimientos.<\/p>\t\t\t\t\t\t\t\t<\/div>\n\t\t\t\t<\/div>\n\t\t\t\t<\/div>\n\t\t\t\t\t<\/div>\n\t\t\t\t<\/div>\n\t\t<div class=\"elementor-element elementor-element-aa5caf1 e-flex e-con-boxed e-con e-parent\" data-id=\"aa5caf1\" data-element_type=\"container\" data-settings=\"{&quot;background_background&quot;:&quot;classic&quot;}\">\n\t\t\t\t\t<div class=\"e-con-inner\">\n\t\t<div class=\"elementor-element elementor-element-20c390a e-con-full e-flex e-con e-child\" data-id=\"20c390a\" data-element_type=\"container\">\n\t\t\t\t<div class=\"elementor-element elementor-element-ea6676e elementor-widget elementor-widget-image\" data-id=\"ea6676e\" data-element_type=\"widget\" data-widget_type=\"image.default\">\n\t\t\t\t<div class=\"elementor-widget-container\">\n\t\t\t\t\t\t\t\t\t\t\t\t\t\t\t<img loading=\"lazy\" decoding=\"async\" width=\"633\" height=\"683\" src=\"https:\/\/genscentroterapeutico.com\/wp-content\/uploads\/2023\/12\/Recurso-3.png\" class=\"attachment-large size-large wp-image-44\" alt=\"\" srcset=\"https:\/\/genscentroterapeutico.com\/wp-content\/uploads\/2023\/12\/Recurso-3.png 633w, https:\/\/genscentroterapeutico.com\/wp-content\/uploads\/2023\/12\/Recurso-3-278x300.png 278w\" sizes=\"(max-width: 633px) 100vw, 633px\" \/>\t\t\t\t\t\t\t\t\t\t\t\t\t\t\t<\/div>\n\t\t\t\t<\/div>\n\t\t\t\t<\/div>\n\t\t<div class=\"elementor-element elementor-element-1d51ddb e-con-full e-flex e-con e-child\" data-id=\"1d51ddb\" data-element_type=\"container\">\n\t\t\t\t<div class=\"elementor-element elementor-element-bab3dd2 elementor-widget elementor-widget-text-editor\" data-id=\"bab3dd2\" data-element_type=\"widget\" data-widget_type=\"text-editor.default\">\n\t\t\t\t<div class=\"elementor-widget-container\">\n\t\t\t\t\t\t\t\t\t<p><strong><em>Licenciado Lautaro De Nicola:<\/em><\/strong> Coordinador general y Fundador de Gens. Licenciado en Nutrici\u00f3n con especializaci\u00f3n en Nutrici\u00f3n <br \/>Deportiva y Trastornos de la conducta alimentaria.<\/p>\t\t\t\t\t\t\t\t<\/div>\n\t\t\t\t<\/div>\n\t\t\t\t<\/div>\n\t\t\t\t\t<\/div>\n\t\t\t\t<\/div>\n\t\t<div class=\"elementor-element elementor-element-e9b04fa e-flex e-con-boxed e-con e-parent\" data-id=\"e9b04fa\" data-element_type=\"container\">\n\t\t\t\t\t<div class=\"e-con-inner\">\n\t\t\t\t\t<\/div>\n\t\t\t\t<\/div>\n\t\t\t\t<\/div>\n\t\t","protected":false},"excerpt":{"rendered":"<p>Nosotros Visi\u00f3n Proporcionamos un espacio de trabajo cuyo objetivo es acompa\u00f1ar la evoluci\u00f3n cl\u00ednica especifica de cada sujeto y su contexto socio-familiar; promoviendo la construcci\u00f3n de herramientas y estrategia que permitan el crecimiento y desarrollo personal pleno. Valores de la instituci\u00f3n \u00c9tica y respeto Compromiso profesional Comprensi\u00f3n y empat\u00eda Equipo Directivo Licenciado Alfonso de Nicola: [&hellip;]<\/p>\n","protected":false},"author":1,"featured_media":0,"parent":0,"menu_order":0,"comment_status":"closed","ping_status":"closed","template":"","meta":{"_joinchat":[],"footnotes":""},"class_list":["post-38","page","type-page","status-publish","hentry"],"_links":{"self":[{"href":"https:\/\/genscentroterapeutico.com\/index.php\/wp-json\/wp\/v2\/pages\/38","targetHints":{"allow":["GET"]}}],"collection":[{"href":"https:\/\/genscentroterapeutico.com\/index.php\/wp-json\/wp\/v2\/pages"}],"about":[{"href":"https:\/\/genscentroterapeutico.com\/index.php\/wp-json\/wp\/v2\/types\/page"}],"author":[{"embeddable":true,"href":"https:\/\/genscentroterapeutico.com\/index.php\/wp-json\/wp\/v2\/users\/1"}],"replies":[{"embeddable":true,"href":"https:\/\/genscentroterapeutico.com\/index.php\/wp-json\/wp\/v2\/comments?post=38"}],"version-history":[{"count":48,"href":"https:\/\/genscentroterapeutico.com\/index.php\/wp-json\/wp\/v2\/pages\/38\/revisions"}],"predecessor-version":[{"id":411,"href":"https:\/\/genscentroterapeutico.com\/index.php\/wp-json\/wp\/v2\/pages\/38\/revisions\/411"}],"wp:attachment":[{"href":"https:\/\/genscentroterapeutico.com\/index.php\/wp-json\/wp\/v2\/media?parent=38"}],"curies":[{"name":"wp","href":"https:\/\/api.w.org\/{rel}","templated":true}]}}